{"id":2395,"date":"2025-06-25T17:10:21","date_gmt":"2025-06-25T17:10:21","guid":{"rendered":"https:\/\/cervepar.appslienzo3.com\/?page_id=2395"},"modified":"2025-06-25T17:14:16","modified_gmt":"2025-06-25T17:14:16","slug":"politica-de-privacidad","status":"publish","type":"page","link":"https:\/\/cervepar.com.py\/index.php\/politica-de-privacidad\/","title":{"rendered":"POL\u00cdTICA DE PRIVACIDAD Y PROTECCI\u00d3N DE DATOS\u00a0"},"content":{"rendered":"\t\t<div data-elementor-type=\"wp-page\" data-elementor-id=\"2395\" class=\"elementor elementor-2395\" data-elementor-post-type=\"page\">\n\t\t\t\t<div class=\"elementor-element elementor-element-a6edc7c e-flex e-con-boxed e-con e-parent\" data-id=\"a6edc7c\" data-element_type=\"container\" data-e-type=\"container\" data-settings=\"{&quot;jet_parallax_layout_list&quot;:[],&quot;background_background&quot;:&quot;classic&quot;}\">\n\t\t\t\t\t<div class=\"e-con-inner\">\n\t\t\t\t<div class=\"elementor-element elementor-element-f72d2b8 elementor-widget__width-initial elementor-widget elementor-widget-heading\" data-id=\"f72d2b8\" data-element_type=\"widget\" data-e-type=\"widget\" data-widget_type=\"heading.default\">\n\t\t\t\t<div class=\"elementor-widget-container\">\n\t\t\t\t\t<h2 class=\"elementor-heading-title elementor-size-default\">POL\u00cdTICA DE PRIVACIDAD  y<strong> PROTECCI\u00d3N DE DATOS<\/strong><\/h2>\t\t\t\t<\/div>\n\t\t\t\t<\/div>\n\t\t\t\t\t<\/div>\n\t\t\t\t<\/div>\n\t\t<div class=\"elementor-element elementor-element-7733ec1 e-flex e-con-boxed e-con e-parent\" data-id=\"7733ec1\" data-element_type=\"container\" data-e-type=\"container\" data-settings=\"{&quot;jet_parallax_layout_list&quot;:[]}\">\n\t\t\t\t\t<div class=\"e-con-inner\">\n\t\t\t\t<div class=\"elementor-element elementor-element-4fb56d3 elementor-widget elementor-widget-text-editor\" data-id=\"4fb56d3\" data-element_type=\"widget\" data-e-type=\"widget\" data-widget_type=\"text-editor.default\">\n\t\t\t\t<div class=\"elementor-widget-container\">\n\t\t\t\t\t\t\t\t\t<p><b>PRIVACIDAD AL VISITANTE Y\/O USUARIO<\/b><\/p><p><b>CERVEPAR S.A.<\/b> (en adelante, la \u201cEmpresa\u201d),<b> <\/b>con Registro \u00danico de Contribuyente N\u00b0 80086846-3 y domicilio en Paseo La Galer\u00eda, Torre 3, Piso 10, Avenida Santa Teresa esquina Aviadores del Chaco y Herminio Maldonado, de la ciudad de Asunci\u00f3n, Rep\u00fablica del Paraguay, est\u00e1 comprometida con la protecci\u00f3n de la privacidad y los datos personales de los visitantes del sitio web <a href=\"http:\/\/www.cervepar.com.py\">www.cervepar.com.py<\/a> (el \u201cSitio\u201d). La Empresa est\u00e1 comprometida con el cumplimiento de las leyes vigentes en materia de privacidad y protecci\u00f3n de datos. El objetivo es brindar transparencia sobre c\u00f3mo recopilamos, usamos y compartimos dicha informaci\u00f3n. En ese sentido, en este Sitio no recolectamos informaci\u00f3n personal de los Usuarios a menos que nos sea proporcionada de manera voluntaria, expresa y con consentimiento informado del usuario.<b>\u00a0Al acceder y utilizar este Sitio, con la aceptaci\u00f3n de nuestros T\u00e9rminos y Condiciones y la Pol\u00edtica de Privacidad y Protecci\u00f3n de Datos (la \u201cPol\u00edtica\u201d), el usuario expresa su consentimiento para la obtenci\u00f3n y utilizaci\u00f3n de los datos personales proporcionados por el Usuario.\u00a0<\/b><\/p><p><b>\u00bfC\u00f3mo y qu\u00e9 informaci\u00f3n de identificaci\u00f3n personal recolectamos?<span class=\"Apple-converted-space\">\u00a0<\/span><\/b><\/p><p>Podemos recopilar informaci\u00f3n de identificaci\u00f3n personal a los usuarios a trav\u00e9s de diversas maneras, incluyendo, pero no limit\u00e1ndose, a: cuando los usuarios visitan nuestro Sitio, se registran, realizan una compra, completan un formulario o interact\u00faan con otras actividades, servicios, funcionalidades o recursos disponibles en el Sitio. <span class=\"Apple-converted-space\">\u00a0<\/span><\/p><p>A los efectos de navegar, al ingresar al Sitio Web \u00fanicamente se solicita la edad del usuario con el \u00fanico prop\u00f3sito de verificar si es mayor de edad. Eventualmente, y de acuerdo con el nivel de interacci\u00f3n con el Sitio, se podr\u00e1n solicitar datos adicionales, cumpliendo con las disposiciones normativas vigentes y siempre mediante la obtenci\u00f3n del consentimiento informado. Sin perjuicio de ello, en ciertas secciones y\/o apartados del Sitio Web, las personas podr\u00e1n completar un formulario donde s\u00ed se solicita un conjunto m\u00e1s amplio de informaciones personales y profesionales, como nombre, apellido, c\u00e9dula de identidad, direcci\u00f3n, correo electr\u00f3nico, nombre de la empresa, raz\u00f3n social productos o servicios que ofrece, entre otros (los \u201cDatos\u201d) a los efectos de ofrecer sus servicios, postular a puestos vacantes y\/o programas, realizar consultas y\/o comentarios, etc. Estos datos podr\u00e1n ser requeridos por el Sitio Web y\/o enlaces desde el Sitio Web.<span class=\"Apple-converted-space\">\u00a0<\/span><\/p><p>El Sitio tambi\u00e9n podr\u00eda solicitar otros datos que le permitan comunicarse con nosotros por correo electr\u00f3nico u otros medios disponibles. Si el usuario desea usar dichas opciones, debe proporcionar su direcci\u00f3n de correo electr\u00f3nico o los datos de contacto correspondientes. Al hacerlo, consiente expresamente que dicha informaci\u00f3n sea utilizada para dar respuesta a sus consultas y para los fines establecidos en la presente Pol\u00edtica.<\/p><p>A los efectos de la presente Pol\u00edtica, se entender\u00e1 por informaci\u00f3n personal toda la informaci\u00f3n proporcionada por los usuarios que permita identificarlos personalmente o que razonablemente permita su identificaci\u00f3n (\u201cInformaci\u00f3n Personal\u201d).<\/p><p>El usuario no est\u00e1 obligado a darnos Informaci\u00f3n Personal, pero sin ella, podr\u00edamos encontrarnos limitados para ofrecerle el servicio que requiere. Cuando el usuario provee Informaci\u00f3n Personal, lo hace manera voluntaria, y otorga su consentimiento libre, expreso e informado para que la Informaci\u00f3n Personal sea utilizada con las finalidades mencionadas en esta Pol\u00edtica de Privacidad. El usuario autoriza a que la Informaci\u00f3n Personal sea tratada, almacenada, recopilada, cedida y\/o transferida por la Empresa a sus afiliadas, controladas, vinculadas, relacionadas o a los contratistas que nos presten servicios (pero en este \u00faltimo caso la informaci\u00f3n es divulgada solo apenas con la finalidad de prestar tales servicios), aun cuando cualquiera de ellos se encuentren en pa\u00edses que no tengan los mismos niveles de privacidad que Paraguay y cuando esto fuera estrictamente necesario a efectos de cumplir con alguna de las finalidades mencionadas en esta Pol\u00edtica de Privacidad. No usaremos Informaci\u00f3n Personal con fines comerciales, a menos que est\u00e9 espec\u00edficamente declarado en el contexto.<\/p><p>La Informaci\u00f3n Personal recolectada o almacenada deber\u00e1 ser l\u00edcita, exacta, completa, veraz y actualizada para el fin espec\u00edfico para la que fue recolectada.<\/p><p>La Empresa recalca que la Informaci\u00f3n Personal no estar\u00e1, en ninguna circunstancia, disponible al p\u00fablico.<\/p><p><b>\u00bfC\u00f3mo utilizamos la informaci\u00f3n recopilada?<\/b><\/p><p>Cuando usted utiliza este Sitio, acepta la transmisi\u00f3n de su Informaci\u00f3n Personal a\u00a0la Empresa y tambi\u00e9n acepta su utilizaci\u00f3n tal como se describe. En el Sitio se puede recopilar y utilizar la Informaci\u00f3n Personal para los siguientes fines, pero no limitando:<\/p><ul><li><b>Para la prestaci\u00f3n del Servicio<\/b>: La Informaci\u00f3n Personal ser\u00e1 tratada con el fin de permitir a la Empresa el Servicio de manera adecuada y eficiente.<span class=\"Apple-converted-space\">\u00a0<\/span><\/li><\/ul><ul><li><b>Para participar de nuestras promociones:<\/b> La Informaci\u00f3n Personal ser\u00e1 utilizada para su identificaci\u00f3n al momento de su participaci\u00f3n en nuestras promociones.<span class=\"Apple-converted-space\">\u00a0<\/span><\/li><\/ul><ul><li><b>Para mejorar el servicio al Usuario<\/b>: El tratamiento de la Informaci\u00f3n Personal ayudar\u00e1 a responder a sus solicitudes de servicio al Usuario y las necesidades de apoyo de manera m\u00e1s eficiente.<\/li><\/ul><ul><li><b>Para mejorar nuestra Sitio<\/b>: Podemos utilizar la Informaci\u00f3n Personal para mejorar nuestros productos y Servicios.<\/li><\/ul><ul><li><b>Uso del Sitio<\/b>: Recogemos informaci\u00f3n sobre el uso del Sitio tales como la frecuencia de visitantes a ciertas partes del sitio, frecuencia de compra y productos adquiridos, esta informaci\u00f3n se usa de manera global (sobre todo para generar estad\u00edsticas y comportamiento de consumo del usuario) y no incluye ninguna informaci\u00f3n de identificaci\u00f3n personal.<\/li><\/ul><ul><li><b>Respuesta a consultas<\/b>: Podemos utilizar la Informaci\u00f3n Personal para responder a sus consultas, preguntas y otras solicitudes.<span class=\"Apple-converted-space\">\u00a0<\/span><\/li><\/ul><ul><li><b>Publicidad de marca<\/b>: Podemos utilizar su Informaci\u00f3n Personal para llamar la atenci\u00f3n del Usuario sobre los productos y Servicios ofertados por la Empresa y sus afiliadas, as\u00ed como transferir un identificador \u00fanico, que el usuario nos haya proporcionado, a un Sitio de socios publicitarios (redes sociales) para facilitar las campa\u00f1as de marcas de los productos de la Empresa y sus afiliadas.\u00a0La Empresa\u00a0requiere que cualquier socio del Sitio publicitario proteja la Informaci\u00f3n Personal con los mismos est\u00e1ndares aplicados dentro del Sitio. Los socios del Sitio publicitario permitir\u00e1n al usuario excluirse de las comunicaciones que\u00a0la Empresa\u00a0pueda colocar a trav\u00e9s de sus herramientas.<\/li><\/ul><ul><li><b>An\u00e1lisis de Marketing<\/b>: Podemos utilizar la Informaci\u00f3n Personal para el an\u00e1lisis de marketing interno, por ejemplo, para evaluar tendencias entre nuestros consumidores o para medir la cantidad de tr\u00e1fico a nuestro Sitio. Tambi\u00e9n podemos compartir informaci\u00f3n no personal con otras personas, como organismos reguladores, anunciantes, de forma an\u00f3nima, lo que significa que la informaci\u00f3n no contendr\u00e1 ninguna informaci\u00f3n de identificaci\u00f3n personal sobre usted. Solo compartiremos Informaci\u00f3n Personal identificable con terceros para su an\u00e1lisis de marketing con su consentimiento previo.<\/li><\/ul><p>Tambi\u00e9n, podemos utilizar la Informaci\u00f3n Personal para desarrollar estudios internos sobre los intereses, comportamientos y demograf\u00eda de los usuarios para comprender mejor sus necesidades e intereses y ofrecer mejores servicios o proveerles informaci\u00f3n relacionada. <span class=\"Apple-converted-space\">\u00a0<\/span><\/p><p>Asimismo, analizar las b\u00fasquedas realizadas por los usuarios, para mejorar nuestras iniciativas comerciales, promocionales y mejorar nuestra oferta de productos, realizar sugerencias de pedidos y mejorar nuestros servicios. <span class=\"Apple-converted-space\">\u00a0<\/span><\/p><p>Adicionalmente, podemos enviar informaci\u00f3n o mensajes por medios electr\u00f3nicos sobre nuevos productos o servicios, informaci\u00f3n en l\u00ednea del estado de entrega del pedido, mostrar publicidad o promociones, banners, de inter\u00e9s para nuestros usuarios, noticias sobre nuestros productos, recomendaciones y sugerencias de pedidos, sobre los servicios del Sitio, programa de beneficios. <span class=\"Apple-converted-space\">\u00a0<\/span><\/p><ul><li><b>Resoluci\u00f3n de Disputas<\/b>: Suministrar la Informaci\u00f3n Personal de los usuarios a las entidades que intervengan en la resoluci\u00f3n de disputas entre la Empresa y el usuario, tales como: Compa\u00f1\u00edas de Seguros, Tribunales de Arbitraje o juzgados y tribunales competentes para solucionar tales disputas.<\/li><\/ul><p>La Empresa informa que los servicios mencionados anteriormente podr\u00e1n ser prestados en forma directa por la Empresa o a trav\u00e9s de terceros contratados a tales efectos.<\/p><p><b>Cookies<\/b><\/p><p>Como muchas compa\u00f1\u00edas, nosotros utilizamos la tecnolog\u00eda de \u201ccookies\u201d en nuestro Sitio. Las cookies son porciones de informaci\u00f3n que un sitio transfiere al disco r\u00edgido de un individuo con el objeto de llevar un registro. Mejoran la experiencia online al guardar sus preferencias mientras usted est\u00e1 visitando un sitio\/Sitio en particular. Las cookies no contienen informaci\u00f3n personal identificable y no pueden hacer una rese\u00f1a de su sistema o recopilar informaci\u00f3n de su disco r\u00edgido. Mientras usted visualiza nuestro Sitio nosotros podemos colocar una \u201ccookie\u201d en su computadora. Las cookies temporales se utilizan con fines como el de contar el n\u00famero de visitas a nuestro Sitio. Estas cookies temporales son eliminadas cuando usted sale de su navegador. Una cookie permanente tambi\u00e9n puede ser almacenada por su navegador en su computadora. Cuando usted ingresa, este tipo de cookies nos cuenta si usted ha visitado nuestra Sitio anteriormente o si usted es un nuevo visitante. La cookie no obtiene informaci\u00f3n personal sobre usted ni nos suministra ninguna manera de contactarlo, y la cookie no extrae ninguna informaci\u00f3n de su computadora. La porci\u00f3n de \u201cayuda\u201d de la barra de herramientas en la mayor\u00eda de los navegadores le indicar\u00e1 c\u00f3mo evitar que su navegador acepte nuevas cookies, c\u00f3mo hacer para que el navegador le informe cuando usted reciba una cookie nueva, o c\u00f3mo bloquear las cookies todas juntas.<\/p><p><b>Plug In<\/b><\/p><p>Nuestro Sitio contiene <i>plug in<\/i> sociales (los \u201cPlug In\u201d) que permiten a los Usuarios conectar el Sitio con diferentes redes sociales. De este modo, el usuario podr\u00e1 indicar que le gusta el Sitio en redes sociales sin tener que salir del mismo. Del mismo modo, el Sitio (mediante los Plug In) dar\u00e1 la posibilidad al usuario de iniciar sesi\u00f3n y registrarse ingresando a trav\u00e9s de alguna cuenta creada con anterioridad en otra red social (tal como Facebook, Instagram o cualquiera que all\u00ed se indique). La Empresa informa que mediante el uso de los Plug In se podr\u00e1 compartir cierta informaci\u00f3n del usuario que fuera necesaria para que los Plug In puedan cumplir con la finalidad antes indicada.<\/p><p><b>\u00bfC\u00f3mo protegemos su informaci\u00f3n?<\/b><\/p><p>La Empresa\u00a0busca que la Informaci\u00f3n Personal se mantenga en privado. La Informaci\u00f3n Personal no es susceptible de venta, renta, intercambio, ni ser\u00e1 publicada. Adoptamos pr\u00e1cticas adecuadas de recogida, almacenamiento y procesamiento y las medidas de seguridad para proteger contra el acceso no autorizado, alteraci\u00f3n, divulgaci\u00f3n o destrucci\u00f3n de su Informaci\u00f3n Personal.<\/p><p>La Informaci\u00f3n Personal ser\u00e1 procesada y almacenada en servidores o medios magn\u00e9ticos que mantienen elevados niveles de seguridad y protecci\u00f3n f\u00edsica y digital.<\/p><p>Es importante que usted tome en cuenta que puede ser posible que otros lean los mensajes que env\u00eda a trav\u00e9s de Internet, por lo tanto, no debe enviar ninguna informaci\u00f3n que desea mantener confidencial.<\/p><p><b>\u00bfC\u00f3mo compartimos su Informaci\u00f3n Personal?<\/b><\/p><p>Nosotros no venderemos ni alquilaremos, como tampoco comercializaremos ni de otro modo divulgaremos la Informaci\u00f3n Personal de nuestros usuarios a terceros. Podemos compartir informaci\u00f3n demogr\u00e1fica gen\u00e9rica, que no permita la Identificaci\u00f3n Personal de los usuarios, con socios comerciales, afiliados y anunciantes de confianza, \u00fanicamente para los fines previstos en esta Pol\u00edtica. Asimismo, podemos compartir Informaci\u00f3n Personal con terceros que nos ayuden a operar nuestro negocio y el Sitio, o administrar actividades, para que la traten en nuestro nombre. Como, por ejemplo, mencionamos el env\u00edo de boletines informativos o de encuestas.<\/p><p>La Empresa\u00a0puede compartir la Informaci\u00f3n Personal recopilada con sus afiliadas, controladas, relacionadas o vinculadas, y con sus respectivos contratistas de servicios dentro y fuera del territorio del Paraguay. En esos casos la informaci\u00f3n ser\u00e1 entregada \u00fanicamente para los prop\u00f3sitos de los Servicios, a menos que nos sea requerido por ley, un \u00f3rgano estatal, por orden judicial o que existan suficientes hechos para considerar que el usuario est\u00e1 violando este acuerdo, las pol\u00edticas aplicables o cualquier ley.<span class=\"Apple-converted-space\">\u00a0<\/span><\/p><p>Podemos compartir su informaci\u00f3n con estos terceros para aquellos fines limitados siempre que usted nos haya dado su autorizaci\u00f3n mediante la aceptaci\u00f3n de esta Pol\u00edtica y los T\u00e9rminos y Condiciones del Sitio.<\/p><p><b>\u00bfCu\u00e1les son tus derechos?<\/b><\/p><p>Los usuarios podr\u00e1n ejercer los derechos de acceso, actualizaci\u00f3n, rectificaci\u00f3n, portabilidad y oposici\u00f3n al tratamiento de sus datos personales. De conformidad al art\u00edculo 8 de la Ley N\u00ba 6534\/20, el titular de los datos personales, previa acreditaci\u00f3n de su identidad tiene la facultad de ejercer el derecho de acceso a los mismos.<\/p><p>Los usuarios garantizan y responden, en cualquier caso, por la veracidad, integridad, exactitud, vigencia y autenticidad de los datos personales facilitados, y se comprometen a mantenerla debidamente actualizada. El usuario podr\u00e1 revisar y cambiar los datos personales que nos ha enviado durante la creaci\u00f3n de la Cuenta.<\/p><p>Para ejercer estos derechos debe comunicarse con nuestro Centro de Atenci\u00f3n al Cliente: (021) 729-7500 o al correo electr\u00f3nico: <a href=\"mailto:atencionalcliente@cervepar.com.py\">atencionalcliente@cervepar.com.py<\/a><span class=\"Apple-converted-space\">\u00a0<\/span><\/p><p>En determinados casos, mantendremos en nuestros archivos la Informaci\u00f3n Personal con la finalidad de resolver disputas o reclamaciones, detectar problemas o incidencias y solucionarlos, por un per\u00edodo de tiempo determinado por la ley.<span class=\"Apple-converted-space\">\u00a0<\/span><\/p><p>La Secretar\u00eda de Defensa del Consumidor y el Usuario (SEDECO), en su car\u00e1cter de autoridad de aplicaci\u00f3n de la Ley 6.534\/20, tiene la atribuci\u00f3n de atender las denuncias y reclamos que interpongan quienes resulten afectados en sus derechos por incumplimiento de las normas vigentes en materia de protecci\u00f3n de datos personales.<\/p><p><b>Sitios web de terceros<\/b><\/p><p>Los usuarios pueden encontrar en nuestro Sitio enlaces a otros sitios web y servicios de nuestros socios, proveedores, anunciantes, patrocinadores y otros terceros. No tenemos control sobre el contenido o enlaces que aparecen en estos sitios y no somos responsables de las pr\u00e1cticas empleadas por sitios web vinculados hacia o desde nuestra Sitio. Adem\u00e1s, estos sitios o servicios, incluyendo su contenido y enlaces, se pueden ir modificando constantemente. Estos sitios y servicios pueden tener sus propias pol\u00edticas de privacidad y pol\u00edticas de servicio al cliente. La navegaci\u00f3n e interacci\u00f3n en cualquier otro sitio web, incluyendo sitios web que tienen un enlace a nuestro Sitio, est\u00e1n sujetas a los t\u00e9rminos y pol\u00edticas propias de aquellos sitios web. En ese sentido, la Empresa no tiene ninguna responsabilidad ni control sobre esos sitios y servicios, aplicaciones o plataformas de redes sociales ni sobre el procesamiento y tratamiento de Datos Personales por parte de estos. Le recomendamos que revise las pol\u00edticas de privacidad de los sitios web, las aplicaciones y las plataformas de redes sociales que visita antes de usarlos o proporcionar sus Datos Personales.<\/p><p>La disponibilidad a otros sitios o servicios no representa una aprobaci\u00f3n de la Empresa en virtud a nuestra Pol\u00edtica.<\/p><p><b>Capacidad del Usuario &#8211; Prohibici\u00f3n de ingreso a menores<span class=\"Apple-converted-space\">\u00a0<\/span><\/b><\/p><p>El uso del Sitio y los Servicios prestados en el Sitio, se encuentran disponibles \u00fanicamente para aquellas personas f\u00edsicas o jur\u00eddicas que cuenten con la capacidad legal para contratar y que posean al menos 20 a\u00f1os, conforme la legislaci\u00f3n paraguaya. Se proh\u00edbe el uso del Sitio, por parte de aquellas personas que no cuenten con la capacidad legal para contratar, ya sea en forma definitiva o temporal y sean menores de 20 a\u00f1os. En caso de que el usuario registrado sea una persona jur\u00eddica, la persona registrante deber\u00e1 contar con la capacidad y facultades suficientes, para actuar en nombre y representaci\u00f3n de la persona jur\u00eddica.<\/p><p>En caso de incumplimiento con lo mencionado en el p\u00e1rrafo anterior, o falseara informaci\u00f3n con el fin de acceder a la Sitio, ser\u00e1 exclusiva responsabilidad de sus padres y\/o tutores. Los padres y\/o tutores pueden asimismo solicitar, frente al incumplimiento o falsedad ejercida por un menor, que se elimine la informaci\u00f3n de su(s) hijos(s) de la base de datos. Si usted es un padre de familia o tutor y desea ejercer estos derechos, por favor le solicitamos nos lo haga saber a trav\u00e9s de nuestro centro de atenci\u00f3n al cliente: (021) 729-7500 o al correo electr\u00f3nico: <a href=\"mailto:atencionalcliente@cervepar.com.py\">atencionalcliente@cervepar.com.py<\/a><\/p><p><b>Seguridad<\/b><\/p><p>La Empresa implementa medidas tecnol\u00f3gicas para proteger la seguridad y privacidad de los Usuarios. No obstante, ning\u00fan sistema de transmisi\u00f3n o almacenamiento en l\u00ednea es completamente seguro, por lo que no se puede garantizar una protecci\u00f3n absoluta.<\/p><p><b>Orden de autoridades competentes<\/b><\/p><p>La Empresa podr\u00e1 revelar la Informaci\u00f3n Personal de sus usuarios bajo requerimiento de las autoridades judiciales o gubernamentales competentes para efectos de investigaciones conducidas por ellas, aunque no exista una orden ni una citaci\u00f3n ejecutiva o judicial.<span class=\"Apple-converted-space\">\u00a0<\/span><\/p><p>Los usuarios autorizan expresamente a la Empresa, a comunicar cualquier Informaci\u00f3n Personal con la finalidad de cumplir la normativa aplicable y cooperar con las autoridades competentes en relaci\u00f3n con cualquier investigaci\u00f3n de un il\u00edcito o un fraude, infracci\u00f3n de derechos de propiedad industrial o intelectual, u otra actividad que sea ilegal o que pueda exponer a la Empresa o a sus usuarios a cualquier responsabilidad legal. Este derecho ser\u00e1 ejercido por la Empresa a efectos de cooperar con el cumplimiento y ejecuci\u00f3n de la ley, independientemente que no exista una orden judicial o administrativa al efecto.<\/p><p><b>\u00bfCu\u00e1nto tiempo conservamos tus datos?<\/b><\/p><p>La Empresa conservar\u00e1 la Informaci\u00f3n Personal \u00fanicamente durante el per\u00edodo necesario para cumplir con los fines establecidos en esta Pol\u00edtica, salvo que la normativa aplicable exija o autorice un plazo de conservaci\u00f3n mayor.<\/p><p><b>Actualizaci\u00f3n de la Pol\u00edtica<\/b><\/p><p>La Empresa\u00a0tiene el derecho de actualizar esta Pol\u00edtica en cualquier momento. Cuando lo hacemos, modificamos la fecha de actualizaci\u00f3n en la parte inferior de esta p\u00e1gina. Animamos a los usuarios a comprobar con frecuencia esta p\u00e1gina para mantenerse informado y actualizado acerca de cualquier cambio de c\u00f3mo estamos ayudando a proteger la informaci\u00f3n personal que recopilamos y el uso que hacemos de la misma. Usted reconoce y acepta que es su responsabilidad revisar esta Pol\u00edtica de Privacidad peri\u00f3dicamente y tomar conciencia de las modificaciones.<\/p><p><b>SU ACEPTACI\u00d3N DE ESTOS T\u00c9RMINOS<\/b><\/p><p>Al hacer clic en esta Pol\u00edtica, usted expresa su aceptaci\u00f3n. Si usted no est\u00e1 de acuerdo con esta Pol\u00edtica, por favor no utilice nuestro Sitio. Si usted contin\u00faa utilizando nuestro Sitio tras la publicaci\u00f3n de cambios a esta Pol\u00edtica, se considerar\u00e1 que presta consentimiento y acepta dichos cambios. Usted puede consultar esta Pol\u00edtica en cualquier momento.<\/p><p><i>Pol\u00edtica revisada y actualizada en mayo del 2025<\/i><\/p>\t\t\t\t\t\t\t\t<\/div>\n\t\t\t\t<\/div>\n\t\t\t\t\t<\/div>\n\t\t\t\t<\/div>\n\t\t\t\t<\/div>\n\t\t","protected":false},"excerpt":{"rendered":"<p>POL\u00cdTICA DE PRIVACIDAD y PROTECCI\u00d3N DE DATOS PRIVACIDAD AL VISITANTE Y\/O USUARIO CERVEPAR S.A. (en adelante, la \u201cEmpresa\u201d), con Registro \u00danico de Contribuyente N\u00b0 80086846-3 y domicilio en Paseo La Galer\u00eda, Torre 3, Piso 10, Avenida Santa Teresa esquina Aviadores del Chaco y Herminio Maldonado, de la ciudad de Asunci\u00f3n, Rep\u00fablica del Paraguay, est\u00e1 comprometida [&hellip;]<\/p>\n","protected":false},"author":1,"featured_media":0,"parent":0,"menu_order":0,"comment_status":"closed","ping_status":"closed","template":"elementor_header_footer","meta":{"footnotes":""},"class_list":["post-2395","page","type-page","status-publish","hentry"],"_links":{"self":[{"href":"https:\/\/cervepar.com.py\/index.php\/wp-json\/wp\/v2\/pages\/2395","targetHints":{"allow":["GET"]}}],"collection":[{"href":"https:\/\/cervepar.com.py\/index.php\/wp-json\/wp\/v2\/pages"}],"about":[{"href":"https:\/\/cervepar.com.py\/index.php\/wp-json\/wp\/v2\/types\/page"}],"author":[{"embeddable":true,"href":"https:\/\/cervepar.com.py\/index.php\/wp-json\/wp\/v2\/users\/1"}],"replies":[{"embeddable":true,"href":"https:\/\/cervepar.com.py\/index.php\/wp-json\/wp\/v2\/comments?post=2395"}],"version-history":[{"count":0,"href":"https:\/\/cervepar.com.py\/index.php\/wp-json\/wp\/v2\/pages\/2395\/revisions"}],"wp:attachment":[{"href":"https:\/\/cervepar.com.py\/index.php\/wp-json\/wp\/v2\/media?parent=2395"}],"curies":[{"name":"wp","href":"https:\/\/api.w.org\/{rel}","templated":true}]}}