{"id":559,"date":"2025-03-04T13:06:40","date_gmt":"2025-03-04T13:06:40","guid":{"rendered":"https:\/\/cervepar.appslienzo3.com\/?page_id=559"},"modified":"2025-06-26T12:20:34","modified_gmt":"2025-06-26T12:20:34","slug":"cerveceria-paraguaya-s-a","status":"publish","type":"page","link":"https:\/\/cervepar.com.py\/index.php\/quienes-somos\/cerveceria-paraguaya-s-a\/","title":{"rendered":"Cervecer\u00eda Paraguaya S.A."},"content":{"rendered":"\t\t<div data-elementor-type=\"wp-page\" data-elementor-id=\"559\" class=\"elementor elementor-559\" data-elementor-post-type=\"page\">\n\t\t\t\t<div class=\"elementor-element elementor-element-628d595 e-con-full e-flex e-con e-parent\" data-id=\"628d595\" data-element_type=\"container\" data-e-type=\"container\" data-settings=\"{&quot;jet_parallax_layout_list&quot;:[],&quot;background_background&quot;:&quot;gradient&quot;}\">\n\t\t<div class=\"elementor-element elementor-element-ad43dc2 e-con-full e-flex e-con e-child\" data-id=\"ad43dc2\" data-element_type=\"container\" data-e-type=\"container\" data-settings=\"{&quot;background_background&quot;:&quot;classic&quot;,&quot;jet_parallax_layout_list&quot;:[]}\">\n\t\t<div class=\"elementor-element elementor-element-fb4b0bf e-flex e-con-boxed e-con e-child\" data-id=\"fb4b0bf\" data-element_type=\"container\" data-e-type=\"container\" data-settings=\"{&quot;jet_parallax_layout_list&quot;:[]}\">\n\t\t\t\t\t<div class=\"e-con-inner\">\n\t\t<div class=\"elementor-element elementor-element-5c07695 e-con-full e-flex e-con e-child\" data-id=\"5c07695\" data-element_type=\"container\" data-e-type=\"container\" data-settings=\"{&quot;jet_parallax_layout_list&quot;:[]}\">\n\t\t\t\t<div class=\"elementor-element elementor-element-e8221d7 elementor-widget__width-initial elementor-widget elementor-widget-heading\" data-id=\"e8221d7\" data-element_type=\"widget\" data-e-type=\"widget\" data-widget_type=\"heading.default\">\n\t\t\t\t<div class=\"elementor-widget-container\">\n\t\t\t\t\t<h2 class=\"elementor-heading-title elementor-size-default\">Cervecer\u00eda  \n<strong> Paraguaya S.A.<\/strong><br><\/h2>\t\t\t\t<\/div>\n\t\t\t\t<\/div>\n\t\t\t\t<div class=\"elementor-element elementor-element-c70fb95 elementor-widget__width-initial elementor-widget elementor-widget-text-editor\" data-id=\"c70fb95\" data-element_type=\"widget\" data-e-type=\"widget\" data-widget_type=\"text-editor.default\">\n\t\t\t\t<div class=\"elementor-widget-container\">\n\t\t\t\t\t\t\t\t\t<p><span style=\"font-weight: 400;\">Nuestra planta cervecera, el lugar en donde la magia de los ingredientes da lugar a tus cervezas favoritas. Nuestra cervecer\u00eda es reconocida por implementar procesos y tecnolog\u00eda de vanguardia que se reflejan en productos de la m\u00e1s alta calidad.\u00a0\u00a0<\/span><\/p><p><span style=\"font-weight: 400;\">Ubicados en la ciudad de Ypan\u00e9, fabricamos y envasamos l\u00edquidos de marcas locales e internacionales y las trasladamos a nuestros Centros de Distribuci\u00f3n a nivel pa\u00eds.\u00a0\u00a0<\/span><\/p><p><span style=\"font-weight: 400;\">Perseguimos el desaf\u00edo de ser una cervecer\u00eda cada vez m\u00e1s sostenible, centrados en la mejora continua de nuestros est\u00e1ndares de eficiencia ambiental y con un equipo humano altamente calificado.<\/span><\/p><p>Fue reconocida como Mejor Cervecer\u00eda de Sudam\u00e9rica dentro del grupo AB IMBEV.<\/p>\t\t\t\t\t\t\t\t<\/div>\n\t\t\t\t<\/div>\n\t\t\t\t<\/div>\n\t\t<div class=\"elementor-element elementor-element-271aee9 e-con-full e-flex e-con e-child\" data-id=\"271aee9\" data-element_type=\"container\" data-e-type=\"container\" data-settings=\"{&quot;jet_parallax_layout_list&quot;:[]}\">\n\t\t\t\t<div class=\"elementor-element elementor-element-053d31f elementor-widget__width-auto elementor-widget elementor-widget-image\" data-id=\"053d31f\" data-element_type=\"widget\" data-e-type=\"widget\" data-widget_type=\"image.default\">\n\t\t\t\t<div class=\"elementor-widget-container\">\n\t\t\t\t\t\t\t\t\t\t\t\t\t\t\t<img fetchpriority=\"high\" decoding=\"async\" width=\"800\" height=\"533\" src=\"https:\/\/cervepar.com.py\/wp-content\/uploads\/2025\/03\/cerveceria-3-1024x682.jpg\" class=\"attachment-large size-large wp-image-922\" alt=\"\" srcset=\"https:\/\/cervepar.com.py\/wp-content\/uploads\/2025\/03\/cerveceria-3-1024x682.jpg 1024w, https:\/\/cervepar.com.py\/wp-content\/uploads\/2025\/03\/cerveceria-3-300x200.jpg 300w, https:\/\/cervepar.com.py\/wp-content\/uploads\/2025\/03\/cerveceria-3-768x512.jpg 768w, https:\/\/cervepar.com.py\/wp-content\/uploads\/2025\/03\/cerveceria-3.jpg 1280w\" sizes=\"(max-width: 800px) 100vw, 800px\" \/>\t\t\t\t\t\t\t\t\t\t\t\t\t\t\t<\/div>\n\t\t\t\t<\/div>\n\t\t\t\t<div class=\"elementor-element elementor-element-b28aead elementor-widget__width-auto elementor-widget elementor-widget-image\" data-id=\"b28aead\" data-element_type=\"widget\" data-e-type=\"widget\" data-widget_type=\"image.default\">\n\t\t\t\t<div class=\"elementor-widget-container\">\n\t\t\t\t\t\t\t\t\t\t\t\t\t\t\t<img decoding=\"async\" src=\"https:\/\/cervepar.com.py\/wp-content\/uploads\/elementor\/thumbs\/WhatsApp-Image-2025-05-28-at-11.32.44-ra3xgrtfzn7m9vg1fexeq5z7gaatc6zjbyhoqwnmh4.jpeg\" title=\"WhatsApp Image 2025-05-28 at 11.32.44\" alt=\"WhatsApp Image 2025-05-28 at 11.32.44\" loading=\"lazy\" \/>\t\t\t\t\t\t\t\t\t\t\t\t\t\t\t<\/div>\n\t\t\t\t<\/div>\n\t\t\t\t<\/div>\n\t\t\t\t\t<\/div>\n\t\t\t\t<\/div>\n\t\t\t\t<\/div>\n\t\t\t\t<\/div>\n\t\t\t\t<\/div>\n\t\t","protected":false},"excerpt":{"rendered":"<p>Cervecer\u00eda Paraguaya S.A. Nuestra planta cervecera, el lugar en donde la magia de los ingredientes da lugar a tus cervezas favoritas. Nuestra cervecer\u00eda es reconocida por implementar procesos y tecnolog\u00eda de vanguardia que se reflejan en productos de la m\u00e1s alta calidad.\u00a0\u00a0 Ubicados en la ciudad de Ypan\u00e9, fabricamos y envasamos l\u00edquidos de marcas locales [&hellip;]<\/p>\n","protected":false},"author":1,"featured_media":0,"parent":11,"menu_order":0,"comment_status":"closed","ping_status":"closed","template":"elementor_header_footer","meta":{"footnotes":""},"class_list":["post-559","page","type-page","status-publish","hentry"],"_links":{"self":[{"href":"https:\/\/cervepar.com.py\/index.php\/wp-json\/wp\/v2\/pages\/559","targetHints":{"allow":["GET"]}}],"collection":[{"href":"https:\/\/cervepar.com.py\/index.php\/wp-json\/wp\/v2\/pages"}],"about":[{"href":"https:\/\/cervepar.com.py\/index.php\/wp-json\/wp\/v2\/types\/page"}],"author":[{"embeddable":true,"href":"https:\/\/cervepar.com.py\/index.php\/wp-json\/wp\/v2\/users\/1"}],"replies":[{"embeddable":true,"href":"https:\/\/cervepar.com.py\/index.php\/wp-json\/wp\/v2\/comments?post=559"}],"version-history":[{"count":0,"href":"https:\/\/cervepar.com.py\/index.php\/wp-json\/wp\/v2\/pages\/559\/revisions"}],"up":[{"embeddable":true,"href":"https:\/\/cervepar.com.py\/index.php\/wp-json\/wp\/v2\/pages\/11"}],"wp:attachment":[{"href":"https:\/\/cervepar.com.py\/index.php\/wp-json\/wp\/v2\/media?parent=559"}],"curies":[{"name":"wp","href":"https:\/\/api.w.org\/{rel}","templated":true}]}}